{"id":21,"date":"2022-02-10T06:08:32","date_gmt":"2022-02-10T06:08:32","guid":{"rendered":"https:\/\/wpocean.com\/wp\/arkio\/?page_id=21"},"modified":"2026-01-14T13:29:51","modified_gmt":"2026-01-14T13:29:51","slug":"hakkimizda","status":"publish","type":"page","link":"https:\/\/yeni.fmyinsaat.com\/index.php\/hakkimizda\/","title":{"rendered":"Hakk\u0131m\u0131zda"},"content":{"rendered":"\t\t<div data-elementor-type=\"wp-page\" data-elementor-id=\"21\" class=\"elementor elementor-21\">\n\t\t\t\t\t\t<section class=\"elementor-section elementor-top-section elementor-element elementor-element-7546376 elementor-section-full_width elementor-section-height-default elementor-section-height-default\" data-id=\"7546376\" data-element_type=\"section\">\n\t\t\t\t\t\t<div class=\"elementor-container elementor-column-gap-no\">\n\t\t\t\t\t<div class=\"elementor-column elementor-col-100 elementor-top-column elementor-element elementor-element-0856734\" data-id=\"0856734\" data-element_type=\"column\">\n\t\t\t<div class=\"elementor-widget-wrap elementor-element-populated\">\n\t\t\t\t\t\t<div class=\"elementor-element elementor-element-9465a7d elementor-widget elementor-widget-wpo-arkio_about\" data-id=\"9465a7d\" data-element_type=\"widget\" data-settings=\"{&quot;about_image&quot;:{&quot;url&quot;:&quot;https:\\\/\\\/yeni.fmyinsaat.com\\\/wp-content\\\/uploads\\\/2026\\\/01\\\/hakkimizda-2.jpg&quot;,&quot;id&quot;:1019,&quot;size&quot;:&quot;&quot;,&quot;alt&quot;:&quot;&quot;,&quot;source&quot;:&quot;library&quot;}}\" data-widget_type=\"wpo-arkio_about.default\">\n\t\t\t\t<div class=\"elementor-widget-container\">\n\t\t\t\t\t\t\t<div class=\"arkio-about wpo-about-area\">\n\t\t\t<div class=\"container\">\n\t\t\t\t<div class=\"row align-items-center\">\n\t\t\t\t\t<div class=\"col-lg-5 col-md-12 col-sm-12\">\n\t\t\t\t\t\t<div class=\"wpo-about-img\">\n\t\t\t\t\t\t\t<img decoding=\"async\" src=\"https:\/\/yeni.fmyinsaat.com\/wp-content\/uploads\/2026\/01\/hakkimizda-2.jpg\" alt=\"\">\n\t\t\t\t\t\t\t\t<div class=\"wpo-about-img-text\">\n\t\t\t\t\t\t\t\t\t\t\t\t\t\t\t\t\t\t<div class=\"about-shape\">\n\t\t\t\t\t\t\t\t\t\t\t\t\t\t\t\t\t\t\t<\/div>\n\t\t\t\t\t\t\t\t<\/div>\n\n\t\t\t\t\t\t\t\t\t\t\t\t\t\t<\/div>\n\n\t\t\t\t\t<\/div>\n\t\t\t\t\t<div class=\"col-lg-7 col-md-12 colsm-12\">\n\t\t\t\t\t\t<div class=\"wpo-about-text\">\n\n\t\t\t\t\t\t\t\t\t\t\t\t\t\t\t<div class=\"wpo-about-title\">\n\t\t\t\t\t\t\t\t\t<h2>Hakk\u0131m\u0131zda<\/h2>\t\t\t\t\t\t\t\t<\/div>\n\t\t\t\t\t\t\t<p>FMY \u0130n\u015faat, temelleri uzun y\u0131llar \u00f6ncesine dayanan ve in\u015faat sekt\u00f6r\u00fcnde \u00f6nemli kamu ve \u00f6zel sekt\u00f6r projelerine imza atan \u0130brahim Y\u0131ld\u0131r\u0131m Grup\u2019un devam\u0131 niteli\u011finde faaliyet g\u00f6steren bir in\u015faat markas\u0131d\u0131r. Her iki marka da ayn\u0131 ki\u015fi taraf\u0131ndan kurulmu\u015f ve y\u00f6netilmekte olup, fiilen ayn\u0131 kurumsal yap\u0131 ve i\u015f anlay\u0131\u015f\u0131 i\u00e7erisinde \u00e7al\u0131\u015fmalar\u0131n\u0131 s\u00fcrd\u00fcrmektedir.<\/p><p>\u0130brahim Y\u0131ld\u0131r\u0131m Grup b\u00fcnyesinde ge\u00e7en y\u0131llar boyunca; altyap\u0131, \u00fcstyap\u0131, i\u00e7me suyu ve ar\u0131tma tesisleri, ta\u015fk\u0131n koruma yap\u0131lar\u0131, k\u00f6pr\u00fc ve kav\u015fak projeleri, e\u011fitim yap\u0131lar\u0131 ve stratejik tesisler gibi bir\u00e7ok kamu taahh\u00fct projesi ba\u015far\u0131yla tamamlanm\u0131\u015ft\u0131r. Bu s\u00fcre\u00e7te edinilen bilgi birikimi, saha deneyimi ve kurumsal disiplin, 2019 y\u0131l\u0131nda kurulan FMY \u0130n\u015faat markas\u0131 alt\u0131nda daha \u00e7a\u011fda\u015f ve kurumsal bir yap\u0131ya kavu\u015fturulmu\u015ftur.<\/p><p>FMY \u0130n\u015faat, kamu projelerinde kazan\u0131lan teknik tecr\u00fcbe, mevzuat h\u00e2kimiyeti ve zaman\u0131nda teslim anlay\u0131\u015f\u0131n\u0131; \u00f6zel sekt\u00f6r ve konut projelerine de ayn\u0131 titizlikle yans\u0131tmaktad\u0131r. Projelerimizde m\u00fchendislik esaslar\u0131na, teknik \u015fartnamelere ve fen\u2013sanat kurallar\u0131na tam uyum sa\u011flanmakta; kaliteli malzeme kullan\u0131m\u0131, i\u015f g\u00fcvenli\u011fi ve s\u00fcrd\u00fcr\u00fclebilir yap\u0131 anlay\u0131\u015f\u0131 temel ilke olarak benimsenmektedir.<\/p><p>Bug\u00fcn FMY \u0130n\u015faat markas\u0131yla hayata ge\u00e7irilen projeler, ge\u00e7mi\u015ften gelen g\u00fc\u00e7l\u00fc altyap\u0131 ve tecr\u00fcbenin do\u011fal bir devam\u0131 niteli\u011findedir. Amac\u0131m\u0131z; yaln\u0131zca yap\u0131 \u00fcretmek de\u011fil, g\u00fcven, kalite ve kal\u0131c\u0131 de\u011fer in\u015fa etmektir.<\/p><p>FMY \u0130n\u015faat, ayn\u0131 k\u00f6kten gelen kurumsal g\u00fcc\u00fc ve tecr\u00fcbesiyle; bug\u00fcn ve gelecekte de sa\u011flam temeller \u00fczerine projeler geli\u015ftirmeye devam etmektedir.<\/p>\t\t\t\t\t\t\t<div class=\"btns\">\n\t\t\t\t\t\t\t\t\t\t\t\t\t\t\t<\/div>\n\t\t\t\t\t\t<\/div>\n\t\t\t\t\t<\/div>\n\t\t\t\t<\/div>\n\t\t\t<\/div>\n\n\t\t\t\n\t\t<\/div>\n\t\t\t\t<\/div>\n\t\t\t\t<\/div>\n\t\t\t\t\t<\/div>\n\t\t<\/div>\n\t\t\t\t\t<\/div>\n\t\t<\/section>\n\t\t\t\t<section class=\"elementor-section elementor-top-section elementor-element elementor-element-8495fab elementor-section-full_width elementor-section-height-default elementor-section-height-default\" data-id=\"8495fab\" data-element_type=\"section\" data-settings=\"{&quot;background_background&quot;:&quot;classic&quot;}\">\n\t\t\t\t\t\t\t<div class=\"elementor-background-overlay\"><\/div>\n\t\t\t\t\t\t\t<div class=\"elementor-container elementor-column-gap-no\">\n\t\t\t\t\t<div class=\"elementor-column elementor-col-100 elementor-top-column elementor-element elementor-element-63ba895\" data-id=\"63ba895\" data-element_type=\"column\">\n\t\t\t<div class=\"elementor-widget-wrap elementor-element-populated\">\n\t\t\t\t\t\t<div class=\"elementor-element elementor-element-42a3c9a elementor-widget elementor-widget-html\" data-id=\"42a3c9a\" data-element_type=\"widget\" data-widget_type=\"html.default\">\n\t\t\t\t\t<style>\r\n\/* ARKA PLAN *\/\r\n.timeline-bg {\r\n  background: #54595f;\r\n  padding: 80px 0;\r\n}\r\n\r\n\/* GENEL *\/\r\n.timeline-section {\r\n  max-width: 1200px;\r\n  margin: 0 auto;\r\n  font-family: Arial, sans-serif;\r\n  position: relative;\r\n  padding: 0 20px;\r\n}\r\n\r\n\/* BA\u015eLIK *\/\r\n.timeline-title {\r\n  text-align: center;\r\n  margin-bottom: 70px;\r\n}\r\n\r\n.timeline-title h2 {\r\n  font-size: 36px;\r\n  color: #c9a227;\r\n  margin-bottom: 10px;\r\n}\r\n\r\n.timeline-title p {\r\n  font-size: 16px;\r\n  color: #aaa;\r\n}\r\n\r\n\/* ORTA \u00c7\u0130ZG\u0130 *\/\r\n.timeline-section::before {\r\n  content: \"\";\r\n  position: absolute;\r\n  top: 160px;\r\n  bottom: 0;\r\n  left: 50%;\r\n  width: 4px;\r\n  background: linear-gradient(to bottom, #c9a227, #555);\r\n  transform: translateX(-50%);\r\n}\r\n\r\n\/* SATIR *\/\r\n.timeline-row {\r\n  display: flex;\r\n  justify-content: space-between;\r\n  margin-bottom: 60px;\r\n}\r\n\r\n\/* KUTU *\/\r\n.timeline-box {\r\n  width: 46%;\r\n  background: #1f2229;\r\n  padding: 22px 26px 22px 56px;\r\n  border-radius: 12px;\r\n  color: #ffffff;\r\n  box-shadow: 0 14px 34px rgba(0,0,0,0.28);\r\n  position: relative;\r\n  min-height: 120px;\r\n}\r\n\r\n\/* YUVARLAK NOKTA *\/\r\n.timeline-box::before {\r\n  content: \"\";\r\n  position: absolute;\r\n  left: 22px;\r\n  top: 32px;\r\n  width: 18px;\r\n  height: 18px;\r\n  background: #c9a227;\r\n  border-radius: 50%;\r\n  animation: pulse 2s infinite;\r\n}\r\n\r\n\/* AN\u0130MASYON *\/\r\n@keyframes pulse {\r\n  0% { box-shadow: 0 0 0 0 rgba(201,162,39,0.7); }\r\n  70% { box-shadow: 0 0 0 14px rgba(201,162,39,0); }\r\n  100% { box-shadow: 0 0 0 0 rgba(201,162,39,0); }\r\n}\r\n\r\n\/* MET\u0130N *\/\r\n.timeline-box h4 {\r\n  margin: 0 0 8px;\r\n  font-size: 18px;\r\n  color: #c9a227;\r\n}\r\n\r\n.timeline-box p {\r\n  margin: 6px 0;\r\n  font-size: 14.5px;\r\n  line-height: 1.65;\r\n  color: #ffffff;\r\n}\r\n\r\n\/* SA\u011e TARAF *\/\r\n.timeline-right {\r\n  margin-left: auto;\r\n}\r\n\r\n\/* MOB\u0130L *\/\r\n@media (max-width: 768px) {\r\n\r\n  .timeline-bg {\r\n    padding: 60px 0;\r\n  }\r\n\r\n  .timeline-title h2 {\r\n    font-size: 28px;\r\n  }\r\n\r\n  .timeline-section::before {\r\n    left: 32px;\r\n    top: 140px;\r\n  }\r\n\r\n  .timeline-row {\r\n    flex-direction: column;\r\n    margin-bottom: 40px;\r\n  }\r\n\r\n  .timeline-box {\r\n    width: 100%;\r\n    margin-bottom: 40px;\r\n    padding-left: 60px;\r\n    min-height: auto;\r\n  }\r\n\r\n  .timeline-box::before {\r\n    left: 28px;\r\n    top: 28px;\r\n  }\r\n}\r\n<\/style>\r\n\r\n<div class=\"timeline-bg\">\r\n  <div class=\"timeline-section\">\r\n\r\n    <div class=\"timeline-title\">\r\n      <h2>Proje Kronolojisi<\/h2>\r\n      <p>FYM \u0130n\u015faat\u2019\u0131n y\u0131llara yay\u0131lan m\u00fchendislik ve yap\u0131 tecr\u00fcbesi<\/p>\r\n    <\/div>\r\n\r\n    <div class=\"timeline-row\">\r\n      <div class=\"timeline-box\">\r\n        <h4>1999 \u2013 2000<\/h4>\r\n        <p>\u015eark\u00f6y\u2019de yazl\u0131k villa yap\u0131m projeleri ile sekt\u00f6re ad\u0131m at\u0131ld\u0131.<\/p>\r\n      <\/div>\r\n      <div class=\"timeline-box timeline-right\">\r\n        <h4>2000 \u2013 2004<\/h4>\r\n        <p>M\u00fcrefte ve \u015eark\u00f6y \u0130\u00e7me Suyu Ar\u0131tma Tesisi yap\u0131m i\u015fleri tamamland\u0131.<\/p>\r\n      <\/div>\r\n    <\/div>\r\n\r\n    <div class=\"timeline-row\">\r\n      <div class=\"timeline-box\">\r\n        <h4>2007<\/h4>\r\n        <p>Deniz Kuvvetleri Komutanl\u0131\u011f\u0131 i\u00e7in \u015eark\u00f6y Radar Tesisi yap\u0131m\u0131 ger\u00e7ekle\u015ftirildi.<\/p>\r\n      <\/div>\r\n      <div class=\"timeline-box timeline-right\">\r\n        <h4>2007 \u2013 2008<\/h4>\r\n        <p>Tekirda\u011f Malkara altyap\u0131 i\u015fleri ba\u015far\u0131yla tamamland\u0131.<\/p>\r\n      <\/div>\r\n    <\/div>\r\n\r\n    <div class=\"timeline-row\">\r\n      <div class=\"timeline-box\">\r\n        <h4>2009<\/h4>\r\n        <p>Tekirda\u011f \u015eark\u00f6y Z\u00fcbeyde Han\u0131m Anaokulu yap\u0131m\u0131 tamamland\u0131.<\/p>\r\n        <p>Uzunk\u00f6pr\u00fc Belediyesi\u2019ne ait yakla\u015f\u0131k 10 d\u00f6n\u00fcml\u00fck park yap\u0131m\u0131 ger\u00e7ekle\u015ftirildi.<\/p>\r\n      <\/div>\r\n      <div class=\"timeline-box timeline-right\">\r\n        <h4>2011<\/h4>\r\n        <p>Antalya B\u00fcy\u00fck\u015fehir Belediyesi i\u00e7in Mevlana K\u00f6pr\u00fcs\u00fc yap\u0131m\u0131 tamamland\u0131.<\/p>\r\n      <\/div>\r\n    <\/div>\r\n\r\n    <div class=\"timeline-row\">\r\n      <div class=\"timeline-box\">\r\n        <h4>2012<\/h4>\r\n        <p>Antalya \u00c7al\u0131 Kav\u015fa\u011f\u0131 \u00dcst Ge\u00e7idi yap\u0131m i\u015fi ger\u00e7ekle\u015ftirildi.<\/p>\r\n      <\/div>\r\n      <div class=\"timeline-box timeline-right\">\r\n        <h4>2013<\/h4>\r\n        <p>Denizli Belediyesi i\u00e7in 10.000 ton kapasiteli i\u00e7me suyu deposu yap\u0131m\u0131 tamamland\u0131.<\/p>\r\n      <\/div>\r\n    <\/div>\r\n\r\n    <div class=\"timeline-row\">\r\n      <div class=\"timeline-box\">\r\n        <h4>2016<\/h4>\r\n        <p>Devlet Su \u0130\u015fleri Edirne B\u00f6lge M\u00fcd\u00fcrl\u00fc\u011f\u00fc kapsam\u0131nda 1. Dere Islah\u0131 i\u015fi yap\u0131ld\u0131.<\/p>\r\n      <\/div>\r\n      <div class=\"timeline-box timeline-right\">\r\n        <h4>2016 \u2013 2018<\/h4>\r\n        <p>DS\u0130 Antalya B\u00f6lge M\u00fcd\u00fcrl\u00fc\u011f\u00fc b\u00fcnyesinde Elmal\u0131 \u2013 Yuval\u0131 Ku\u015faklama Kanal\u0131 Yap\u0131m \u0130\u015fi ger\u00e7ekle\u015ftirildi.<\/p>\r\n        <p><strong>Toplam kanal uzunlu\u011fu:<\/strong> 2.620 metre<\/p>\r\n      <\/div>\r\n    <\/div>\r\n\r\n    <div class=\"timeline-row\">\r\n      <div class=\"timeline-box\">\r\n        <h4>2018<\/h4>\r\n        <p>DS\u0130 Denizli \u00c7ameli Ta\u015fk\u0131n Koruma Projesi tamamland\u0131.<\/p>\r\n        <p>Ayn\u0131 y\u0131l alt y\u00fcklenici olarak \u0130stanbul Havaliman\u0131 Yer Alt\u0131 T\u00fcnelleri yap\u0131m i\u015flerinde g\u00f6rev al\u0131nd\u0131.<\/p>\r\n      <\/div>\r\n      <div class=\"timeline-box timeline-right\">\r\n        <h4>2019 \u2013 2021<\/h4>\r\n        <p>\u00c7anakkale \u0130\u00e7me Suyu Ar\u0131tma Tesisi yap\u0131m i\u015fi ger\u00e7ekle\u015ftirildi.<\/p>\r\n      <\/div>\r\n    <\/div>\r\n\r\n    <div class=\"timeline-row\">\r\n      <div class=\"timeline-box\">\r\n        <h4>2021<\/h4>\r\n        <p>Bal\u0131kesir Susurluk G\u00f6leti yap\u0131m\u0131 tamamland\u0131.<\/p>\r\n      <\/div>\r\n      <div class=\"timeline-box timeline-right\">\r\n        <h4>2023<\/h4>\r\n        <p>\u00c7an \u0130stiklal \u0130lkokulu yap\u0131m i\u015fi tamamland\u0131.<\/p>\r\n      <\/div>\r\n    <\/div>\r\n\r\n    <div class=\"timeline-row\">\r\n      <div class=\"timeline-box\">\r\n        <h4>2024<\/h4>\r\n        <p>Edirne \u0130psala 8 Derslik \u0130lkokul yap\u0131m\u0131 ger\u00e7ekle\u015ftirildi.<\/p>\r\n      <\/div>\r\n      <div class=\"timeline-box timeline-right\">\r\n        <h4>2023 \u2013 2025<\/h4>\r\n        <p><strong>Sirius Park \u2013 40 Dairelik Konut Projesi<\/strong><\/p>\r\n        <p>\r\n          \u00c7anakkale Merkez Karaca\u00f6ren K\u00f6y\u00fc\u2019nde hayata ge\u00e7irilen bu proje,\r\n          FYM \u0130n\u015faat\u2019\u0131n kamu projelerinde edindi\u011fi teknik disiplin ve tecr\u00fcbenin\r\n          \u00f6zel sekt\u00f6r konut projelerine ba\u015far\u0131yla yans\u0131t\u0131ld\u0131\u011f\u0131 \u00f6nemli bir referanst\u0131r.\r\n        <\/p>\r\n      <\/div>\r\n    <\/div>\r\n\r\n  <\/div>\r\n<\/div>\r\n\t\t\t\t<\/div>\n\t\t\t\t\t<\/div>\n\t\t<\/div>\n\t\t\t\t\t<\/div>\n\t\t<\/section>\n\t\t\t\t<section class=\"elementor-section elementor-top-section elementor-element elementor-element-212e467 elementor-section-full_width elementor-section-height-default elementor-section-height-default\" data-id=\"212e467\" data-element_type=\"section\" data-settings=\"{&quot;background_background&quot;:&quot;classic&quot;}\">\n\t\t\t\t\t\t\t<div class=\"elementor-background-overlay\"><\/div>\n\t\t\t\t\t\t\t<div class=\"elementor-container elementor-column-gap-no\">\n\t\t\t\t\t<div class=\"elementor-column elementor-col-100 elementor-top-column elementor-element elementor-element-71ff4ad\" data-id=\"71ff4ad\" data-element_type=\"column\">\n\t\t\t<div class=\"elementor-widget-wrap\">\n\t\t\t\t\t\t\t<\/div>\n\t\t<\/div>\n\t\t\t\t\t<\/div>\n\t\t<\/section>\n\t\t\t\t<\/div>\n\t\t","protected":false},"excerpt":{"rendered":"Hakk\u0131m\u0131zda FMY \u0130n\u015faat, temelleri uzun y\u0131llar \u00f6ncesine dayanan ve in\u015faat sekt\u00f6r\u00fcnde \u00f6nemli kamu ve \u00f6zel sekt\u00f6r projelerine imza atan \u0130brahim Y\u0131ld\u0131r\u0131m Grup\u2019un devam\u0131 niteli\u011finde faaliyet g\u00f6steren bir in\u015faat markas\u0131d\u0131r. Her iki marka da ayn\u0131 ki\u015fi taraf\u0131ndan kurulmu\u015f ve y\u00f6netilmekte olup, fiilen ayn\u0131 kurumsal yap\u0131 ve i\u015f anlay\u0131\u015f\u0131 i\u00e7erisinde \u00e7al\u0131\u015fmalar\u0131n\u0131 s\u00fcrd\u00fcrmektedir. \u0130brahim Y\u0131ld\u0131r\u0131m Grup b\u00fcnyesinde ge\u00e7en ","protected":false},"author":1,"featured_media":0,"parent":0,"menu_order":0,"comment_status":"closed","ping_status":"closed","template":"elementor_header_footer","meta":{"footnotes":""},"class_list":["post-21","page","type-page","status-publish","hentry"],"_links":{"self":[{"href":"https:\/\/yeni.fmyinsaat.com\/index.php\/wp-json\/wp\/v2\/pages\/21","targetHints":{"allow":["GET"]}}],"collection":[{"href":"https:\/\/yeni.fmyinsaat.com\/index.php\/wp-json\/wp\/v2\/pages"}],"about":[{"href":"https:\/\/yeni.fmyinsaat.com\/index.php\/wp-json\/wp\/v2\/types\/page"}],"author":[{"embeddable":true,"href":"https:\/\/yeni.fmyinsaat.com\/index.php\/wp-json\/wp\/v2\/users\/1"}],"replies":[{"embeddable":true,"href":"https:\/\/yeni.fmyinsaat.com\/index.php\/wp-json\/wp\/v2\/comments?post=21"}],"version-history":[{"count":35,"href":"https:\/\/yeni.fmyinsaat.com\/index.php\/wp-json\/wp\/v2\/pages\/21\/revisions"}],"predecessor-version":[{"id":1088,"href":"https:\/\/yeni.fmyinsaat.com\/index.php\/wp-json\/wp\/v2\/pages\/21\/revisions\/1088"}],"wp:attachment":[{"href":"https:\/\/yeni.fmyinsaat.com\/index.php\/wp-json\/wp\/v2\/media?parent=21"}],"curies":[{"name":"wp","href":"https:\/\/api.w.org\/{rel}","templated":true}]}}